{"id":86,"date":"2025-10-15T18:56:52","date_gmt":"2025-10-15T18:56:52","guid":{"rendered":"https:\/\/yolovi.artes.udelar.edu.uy\/?page_id=86"},"modified":"2026-03-03T18:56:36","modified_gmt":"2026-03-03T18:56:36","slug":"formacion","status":"publish","type":"page","link":"https:\/\/yolovi.artes.udelar.edu.uy\/?page_id=86","title":{"rendered":"Formaci\u00f3n"},"content":{"rendered":"\t\t<div data-elementor-type=\"wp-page\" data-elementor-id=\"86\" class=\"elementor elementor-86\">\n\t\t\t\t<div class=\"elementor-element elementor-element-5579e5c e-grid e-con-full e-con e-parent\" data-id=\"5579e5c\" data-element_type=\"container\" data-e-type=\"container\">\n\t\t\t\t<div class=\"elementor-element elementor-element-c83299f elementor-absolute elementor-widget__width-initial elementor-widget elementor-widget-image\" data-id=\"c83299f\" data-element_type=\"widget\" data-e-type=\"widget\" data-settings=\"{&quot;_position&quot;:&quot;absolute&quot;}\" data-widget_type=\"image.default\">\n\t\t\t\t<div class=\"elementor-widget-container\">\n\t\t\t\t\t\t\t\t\t\t\t\t<figure class=\"wp-caption\">\n\t\t\t\t\t\t\t\t\t\t<img fetchpriority=\"high\" decoding=\"async\" width=\"300\" height=\"290\" src=\"https:\/\/yolovi.artes.udelar.edu.uy\/wp-content\/uploads\/2026\/02\/2023_LAB-GRAFICA-EXP-300x290.jpg\" class=\"attachment-medium size-medium wp-image-173\" alt=\"\" srcset=\"https:\/\/yolovi.artes.udelar.edu.uy\/wp-content\/uploads\/2026\/02\/2023_LAB-GRAFICA-EXP-300x290.jpg 300w, https:\/\/yolovi.artes.udelar.edu.uy\/wp-content\/uploads\/2026\/02\/2023_LAB-GRAFICA-EXP-1024x990.jpg 1024w, https:\/\/yolovi.artes.udelar.edu.uy\/wp-content\/uploads\/2026\/02\/2023_LAB-GRAFICA-EXP-768x742.jpg 768w, https:\/\/yolovi.artes.udelar.edu.uy\/wp-content\/uploads\/2026\/02\/2023_LAB-GRAFICA-EXP-1536x1484.jpg 1536w, https:\/\/yolovi.artes.udelar.edu.uy\/wp-content\/uploads\/2026\/02\/2023_LAB-GRAFICA-EXP-2048x1979.jpg 2048w\" sizes=\"(max-width: 300px) 100vw, 300px\" \/>\t\t\t\t\t\t\t\t\t\t\t<figcaption class=\"widget-image-caption wp-caption-text\"><\/figcaption>\n\t\t\t\t\t\t\t\t\t\t<\/figure>\n\t\t\t\t\t\t\t\t\t<\/div>\n\t\t\t\t<\/div>\n\t\t\t\t<div class=\"elementor-element elementor-element-7b1b39a elementor-absolute elementor-widget elementor-widget-image\" data-id=\"7b1b39a\" data-element_type=\"widget\" data-e-type=\"widget\" data-settings=\"{&quot;_position&quot;:&quot;absolute&quot;}\" data-widget_type=\"image.default\">\n\t\t\t\t<div class=\"elementor-widget-container\">\n\t\t\t\t\t\t\t\t\t\t\t\t<figure class=\"wp-caption\">\n\t\t\t\t\t\t\t\t\t\t<img decoding=\"async\" width=\"300\" height=\"300\" src=\"https:\/\/yolovi.artes.udelar.edu.uy\/wp-content\/uploads\/2026\/02\/Afiche-Optativa_Representacion2-300x300.jpg\" class=\"attachment-medium size-medium wp-image-187\" alt=\"\" srcset=\"https:\/\/yolovi.artes.udelar.edu.uy\/wp-content\/uploads\/2026\/02\/Afiche-Optativa_Representacion2-300x300.jpg 300w, https:\/\/yolovi.artes.udelar.edu.uy\/wp-content\/uploads\/2026\/02\/Afiche-Optativa_Representacion2-1024x1024.jpg 1024w, https:\/\/yolovi.artes.udelar.edu.uy\/wp-content\/uploads\/2026\/02\/Afiche-Optativa_Representacion2-150x150.jpg 150w, https:\/\/yolovi.artes.udelar.edu.uy\/wp-content\/uploads\/2026\/02\/Afiche-Optativa_Representacion2-768x768.jpg 768w, https:\/\/yolovi.artes.udelar.edu.uy\/wp-content\/uploads\/2026\/02\/Afiche-Optativa_Representacion2-1536x1536.jpg 1536w, https:\/\/yolovi.artes.udelar.edu.uy\/wp-content\/uploads\/2026\/02\/Afiche-Optativa_Representacion2-2048x2048.jpg 2048w\" sizes=\"(max-width: 300px) 100vw, 300px\" \/>\t\t\t\t\t\t\t\t\t\t\t<figcaption class=\"widget-image-caption wp-caption-text\"><\/figcaption>\n\t\t\t\t\t\t\t\t\t\t<\/figure>\n\t\t\t\t\t\t\t\t\t<\/div>\n\t\t\t\t<\/div>\n\t\t\t\t<div class=\"elementor-element elementor-element-94cee1b elementor-widget__width-initial elementor-widget elementor-widget-text-editor\" data-id=\"94cee1b\" data-element_type=\"widget\" data-e-type=\"widget\" data-widget_type=\"text-editor.default\">\n\t\t\t\t<div class=\"elementor-widget-container\">\n\t\t\t\t\t\t\t\t\t<p>\u00a0<\/p>\n<p>\u00a0<\/p>\n<p><span style=\"color: #000000;\"><strong>Descripci\u00f3n del curso<\/strong><\/span><\/p>\n<p>Trabajaremos en colaboraci\u00f3n con el Museo de la Memoria (MUME) y organizaciones sociales de los barrios cercanos al Museo, en torno a la conmemoracion de los 50 a\u00f1os del golpe de estado que dio inicio a la dictadura civico-militar (1973-1984). En el espacio te\u00f3rico se trabajaran contenidos orientados a reflexionar criticamente sobre las politicas visuales del movimiento de derechos humanos en nuestra region, y explorando las potencialidades del arte grafico para innovar en este campo. En el espacio practico, estudiantes desarrollan una propuesta propia trabajando diferentes t\u00e9cnicas, soportes y formatos de artes graficas explorando sus posibilidades de articulacion &#8220;expandida&#8221; a otros lenguajes art\u00edsticos y pr\u00e1cticas pol\u00edticas. El curso incluye actividades de investigaci\u00f3n en territorio, y es parte de la Plataforma Integral Yo lo vi: arte y memoria del pasado reciente).<\/p>\n<p><!-- \/wp:paragraph --><!-- wp:paragraph --><!-- \/wp:paragraph --><\/p>\t\t\t\t\t\t\t\t<\/div>\n\t\t\t\t<\/div>\n\t\t\t\t<div class=\"elementor-element elementor-element-38d36be1 elementor-widget__width-initial elementor-widget elementor-widget-text-editor\" data-id=\"38d36be1\" data-element_type=\"widget\" data-e-type=\"widget\" data-widget_type=\"text-editor.default\">\n\t\t\t\t<div class=\"elementor-widget-container\">\n\t\t\t\t\t\t\t\t\t<p>\u00a0<\/p>\n<p>\u00a0<\/p>\n<p><span style=\"color: #000000;\"><strong>Descripci\u00f3n del curso<\/strong><\/span><\/p>\n<p>Trabajaremos en colaboraci\u00f3n con el Museo de la Memoria (MUME) y organizaciones sociales de los barrios cercanos al Museo, en torno a la conmemoracion de los 50 a\u00f1os del golpe de estado que dio inicio a la dictadura civico-militar (1973-1984). En el espacio te\u00f3rico se trabajaran contenidos orientados a reflexionar criticamente sobre las politicas visuales del movimiento de derechos humanos en nuestra region, y explorando las potencialidades del arte grafico para innovar en este campo. En el espacio practico, estudiantes desarrollan una propuesta propia trabajando diferentes t\u00e9cnicas, soportes y formatos de artes graficas explorando sus posibilidades de articulacion &#8220;expandida&#8221; a otros lenguajes art\u00edsticos y pr\u00e1cticas pol\u00edticas. El curso incluye actividades de investigaci\u00f3n en territorio, y es parte de la Plataforma Integral Yo lo vi: arte y memoria del pasado reciente).<\/p>\n<div>\u00a0<\/div>\n<p>\u00a0<\/p>\n<div>\u00a0<\/div>\n<p>\u00a0<\/p>\n<div>\u00a0<\/div>\t\t\t\t\t\t\t\t<\/div>\n\t\t\t\t<\/div>\n\t\t\t\t<\/div>\n\t\t\t\t<\/div>\n\t\t","protected":false},"excerpt":{"rendered":"<p>\u00a0 \u00a0 Descripci\u00f3n del curso Trabajaremos en colaboraci\u00f3n con el Museo de la Memoria (MUME) y organizaciones sociales de los [&hellip;]<\/p>\n","protected":false},"author":4,"featured_media":0,"parent":0,"menu_order":0,"comment_status":"closed","ping_status":"closed","template":"","meta":{"site-sidebar-layout":"default","site-content-layout":"","ast-site-content-layout":"default","site-content-style":"default","site-sidebar-style":"default","ast-global-header-display":"","ast-banner-title-visibility":"","ast-main-header-display":"","ast-hfb-above-header-display":"","ast-hfb-below-header-display":"","ast-hfb-mobile-header-display":"","site-post-title":"disabled","ast-breadcrumbs-content":"","ast-featured-img":"","footer-sml-layout":"","ast-disable-related-posts":"","theme-transparent-header-meta":"","adv-header-id-meta":"","stick-header-meta":"","header-above-stick-meta":"","header-main-stick-meta":"","header-below-stick-meta":"","astra-migrate-meta-layouts":"default","ast-page-background-enabled":"default","ast-page-background-meta":{"desktop":{"background-color":"var(--ast-global-color-5)","background-image":"","background-repeat":"repeat","background-position":"center center","background-size":"auto","background-attachment":"scroll","background-type":"","background-media":"","overlay-type":"","overlay-color":"","overlay-opacity":"","overlay-gradient":""},"tablet":{"background-color":"","background-image":"","background-repeat":"repeat","background-position":"center center","background-size":"auto","background-attachment":"scroll","background-type":"","background-media":"","overlay-type":"","overlay-color":"","overlay-opacity":"","overlay-gradient":""},"mobile":{"background-color":"","background-image":"","background-repeat":"repeat","background-position":"center center","background-size":"auto","background-attachment":"scroll","background-type":"","background-media":"","overlay-type":"","overlay-color":"","overlay-opacity":"","overlay-gradient":""}},"ast-content-background-meta":{"desktop":{"background-color":"var(--ast-global-color-4)","background-image":"","background-repeat":"repeat","background-position":"center center","background-size":"auto","background-attachment":"scroll","background-type":"","background-media":"","overlay-type":"","overlay-color":"","overlay-opacity":"","overlay-gradient":""},"tablet":{"background-color":"var(--ast-global-color-4)","background-image":"","background-repeat":"repeat","background-position":"center center","background-size":"auto","background-attachment":"scroll","background-type":"","background-media":"","overlay-type":"","overlay-color":"","overlay-opacity":"","overlay-gradient":""},"mobile":{"background-color":"var(--ast-global-color-4)","background-image":"","background-repeat":"repeat","background-position":"center center","background-size":"auto","background-attachment":"scroll","background-type":"","background-media":"","overlay-type":"","overlay-color":"","overlay-opacity":"","overlay-gradient":""}},"footnotes":""},"class_list":["post-86","page","type-page","status-publish","hentry"],"_links":{"self":[{"href":"https:\/\/yolovi.artes.udelar.edu.uy\/index.php?rest_route=\/wp\/v2\/pages\/86","targetHints":{"allow":["GET"]}}],"collection":[{"href":"https:\/\/yolovi.artes.udelar.edu.uy\/index.php?rest_route=\/wp\/v2\/pages"}],"about":[{"href":"https:\/\/yolovi.artes.udelar.edu.uy\/index.php?rest_route=\/wp\/v2\/types\/page"}],"author":[{"embeddable":true,"href":"https:\/\/yolovi.artes.udelar.edu.uy\/index.php?rest_route=\/wp\/v2\/users\/4"}],"replies":[{"embeddable":true,"href":"https:\/\/yolovi.artes.udelar.edu.uy\/index.php?rest_route=%2Fwp%2Fv2%2Fcomments&post=86"}],"version-history":[{"count":74,"href":"https:\/\/yolovi.artes.udelar.edu.uy\/index.php?rest_route=\/wp\/v2\/pages\/86\/revisions"}],"predecessor-version":[{"id":392,"href":"https:\/\/yolovi.artes.udelar.edu.uy\/index.php?rest_route=\/wp\/v2\/pages\/86\/revisions\/392"}],"wp:attachment":[{"href":"https:\/\/yolovi.artes.udelar.edu.uy\/index.php?rest_route=%2Fwp%2Fv2%2Fmedia&parent=86"}],"curies":[{"name":"wp","href":"https:\/\/api.w.org\/{rel}","templated":true}]}}